{"id":625,"date":"2020-06-20T14:41:26","date_gmt":"2020-06-20T14:41:26","guid":{"rendered":"http:\/\/kaefers-naturfoto.de\/?page_id=625"},"modified":"2020-06-20T14:53:40","modified_gmt":"2020-06-20T14:53:40","slug":"dsdvo","status":"publish","type":"page","link":"https:\/\/kaefers-naturfoto.de\/?page_id=625","title":{"rendered":"DSDVO"},"content":{"rendered":"\n<p><\/p>\n\n\n\n<p><strong>Datenschutzerkl\u00e4rung allgemein<\/strong><\/p>\n\n\n\n<p>Ich, Gerhard K\u00e4fer von Naturfotografie K\u00e4fer, nehme die Verpflichtung zum Datenschutz sehr ernst und gestalte meine Leistungen so, dass nur notwendige personenbezogene Daten erhoben, verarbeitet und genutzt werden. Unter keinen Umst\u00e4nden werden personenbezogene Daten zu Werbezwecken an Dritte vermietet oder verkauft. Ohne Ihre ausdr\u00fcckliche Einwilligung werden auch keine personenbezogenen Daten f\u00fcr Werbe- oder Marketingzwecke genutzt.<\/p>\n\n\n\n<p>Zugriff auf personenbezogene Daten haben bei Naturfotografie K\u00e4fer nur solche Personen, die diese Daten zur Durchf\u00fchrung ihrer Aufgaben ben\u00f6tigen, die \u00fcber die gesetzlichen Bestimmungen zum Datenschutz informiert sind und sich gem\u00e4\u00df der geltenden gesetzlichen Bestimmungen (\u00a7 5 Bundesdatenschutzgesetzes (BDSG), bzw. Art. 5 der EU- Datenschutzgrundverordnung (EU-DSGVO)) verpflichtet haben, diese einzuhalten.<\/p>\n\n\n\n<p><strong>Zweck\u00e4nderungen der Verarbeitung und Datennutzung<\/strong><\/p>\n\n\n\n<p>Da sich auf Grund des technischen Fortschritts und organisatorischer \u00c4nderungen die eingesetzten Verarbeitungsverfahren \u00e4ndern\/weiterentwickeln k\u00f6nnen behalte ich mir vor, die vorliegende Datenschutzerkl\u00e4rung gem\u00e4\u00df den neuen technischen und organisatorischen Rahmenbedingungen weiterzuentwickeln. Ich bitte Sie deshalb die Datenschutzerkl\u00e4rung von mir von Zeit zu Zeit zu \u00fcberpr\u00fcfen. Sollten Sie mit den im Verlaufe der Zeit auftretenden Weiterentwicklungen nicht einverstanden sein, so k\u00f6nnen Sie schriftlich, gem\u00e4\u00df Art 17 EU-DSGVO, eine L\u00f6schung der Daten, die nicht auf Grundlage anderer gesetzlicher Vorgaben, wie handelsrechtlicher oder steuerrechtlicher<\/p>\n\n\n\n<p>Aufbewahrungspflichten, gespeichert werden, verlangen.<\/p>\n\n\n\n<p><strong>Ihre Rechte<\/strong><\/p>\n\n\n\n<p>Als Betroffener haben Sie nach der DSGVO verschiedene Rechte, z.B. das Recht auf Berichtigung oder L\u00f6schung der sie betreffenden personenbezogenen Daten oder auf Einschr\u00e4nkung bzw. Widerspruch der Verarbeitung ihrer personenbezogenen Daten.<\/p>\n\n\n\n<p>Zudem hat jeder von der Verarbeitung personenbezogener Daten Betroffene das Recht, jederzeit von dem f\u00fcr die Verarbeitung Verantwortlichen unentgeltliche Auskunft \u00fcber die zu seiner Person gespeicherten personenbezogenen Daten und eine Kopie dieser Auskunft zu erhalten. Alle Auskunftsersuche richten Sie bitte an die verantwortliche Stelle:<\/p>\n\n\n\n<p>Gerhard K\u00e4fer<\/p>\n\n\n\n<p>Schwarzwaldstr. 55<\/p>\n\n\n\n<p>D-79539 L\u00f6rrach<\/p>\n\n\n\n<p>Tel. 00497621 &#8211; 57 04 98<\/p>\n\n\n\n<p><br><a href=\"mailto:info@kaefers-naturfoto.de\">info@kaefers-naturfoto.de<\/a><br>http:\/\/www.kaefers-naturfoto.de\/<br>&nbsp;<\/p>\n\n\n\n<p>Unbeschadet eines anderweitigen verwaltungsrechtlichen oder gerichtlichen Rechtsbehelfs steht Ihnen das Recht auf Beschwerde bei einer Aufsichtsbeh\u00f6rde, insbesondere in dem Mitgliedstaat ihres Aufenthaltsorts, Ihres Arbeitsplatzes oder des Orts des mutma\u00dflichen Versto\u00dfes, zu, wenn Sie der Ansicht sind, dass die Verarbeitung der Sie betreffenden personenbezogenen Daten gegen die DSGVO verst\u00f6\u00dft. Die Aufsichtsbeh\u00f6rde, bei der die Beschwerde eingereicht wurde, unterrichtet den<\/p>\n\n\n\n<p>Beschwerdef\u00fchrer \u00fcber den Stand und die Ergebnisse der Beschwerde, einschlie\u00dflich der M\u00f6glichkeit eines gerichtlichen Rechtsbehelfs nach Art. 78 DSGVO.<\/p>\n\n\n\n<p><strong>Serverdaten<\/strong><\/p>\n\n\n\n<p>Aus technischen Gr\u00fcnden werden u.a. folgende Daten, die Ihr Internet-Browser an mich bzw. an meinen Webspace-Provider \u00fcbermittelt, erfasst (sogenannte Serverlogfiles):<\/p>\n\n\n\n<p>\u00b7Browsertyp und -version<\/p>\n\n\n\n<p>\u00b7verwendetes Betriebssystem<\/p>\n\n\n\n<p>\u00b7Webseite, von der aus Sie uns besuchen (Referrer URL)<\/p>\n\n\n\n<p>\u00b7Webseite, die Sie besuchen<\/p>\n\n\n\n<p>\u00b7Datum und Uhrzeit Ihres Zugriffs<\/p>\n\n\n\n<p>\u00b7Ihre Internet Protokoll (IP)-Adresse.<\/p>\n\n\n\n<p>Diese anonymen Daten werden getrennt von Ihren eventuell angegebenen personenbezogenen Daten gespeichert und lassen so keine R\u00fcckschl\u00fcsse auf eine bestimmte Person zu. Sie werden zu statistischen Zwecken ausgewertet, um meinen Internetauftritt und meine Angebote optimieren zu k\u00f6nnen.<\/p>\n\n\n\n<p><strong>Einsatz von Cookies<\/strong><\/p>\n\n\n\n<p>Die verantwortliche Stelle verwendet sogenannte &#8222;Cookies&#8220;, um die Online-Erfahrung und Online-Zeit des Kunden individuell auszugestalten und zu optimieren. Ein Cookie ist eine Textdatei, die entweder tempor\u00e4r im Arbeitsspeicher des Computers abgelegt (&#8222;Sitzungscookie&#8220;) oder auf der Festplatte gespeichert wird (&#8222;permanenter&#8220; Cookie). Cookies enthalten z.B. Informationen \u00fcber die bisherigen Zugriffe des Nutzers auf den entsprechenden Server bzw. Informationen dar\u00fcber, welche Angebote bisher aufgerufen wurden. Cookies werden nicht dazu eingesetzt, um Programme auszuf\u00fchren oder<\/p>\n\n\n\n<p>Viren auf Ihren Computer zu laden. Hauptzweck von Cookies ist vielmehr, ein speziell auf den Kunden zugeschnittenes Angebot bereitzustellen und die Nutzung des Service so komfortabel wie m\u00f6glich zu gestalten.<\/p>\n\n\n\n<p><strong>Vermeidung von Cookies<\/strong><\/p>\n\n\n\n<p>Der Besucher hat jederzeit die M\u00f6glichkeit, das Setzen von Cookies abzulehnen. Dies geschieht in der Regel durch die Wahl der entsprechenden Option in den Einstellungen des Browsers oder durch zus\u00e4tzliche Programme. N\u00e4heres ist der Hilfe-Funktion des kundenseitig verwendeten Browsers zu entnehmen. Entscheidet sich der Kunde f\u00fcr die Ausschaltung von Cookies, kann dies den Leistungsumfang des Services mindern und sich bei der Nutzung der Dienste der Verantwortlichen negativ bemerkbar machen.<\/p>\n\n\n\n<p><strong>Kontaktm\u00f6glichkeit<\/strong><\/p>\n\n\n\n<p>Ich biete Ihnen auf meiner Seite die M\u00f6glichkeit, mit mir per E-Mail in Verbindung zu treten. In diesem Fall werden die vom Nutzer gemachten Angaben zum Zwecke der Bearbeitung seiner Kontaktaufnahme gespeichert. Eine Weitergabe an Dritte erfolgt nicht. Ein Abgleich der so erhobenen Daten mit Daten, die m\u00f6glicherweise durch andere Komponenten unserer Seite erhoben werden, erfolgt ebenfalls nicht.<\/p>\n\n\n\n<p><strong>Externe Links<\/strong><\/p>\n\n\n\n<p>Zu Ihrer Information finden Sie auf meinen Seiten Links, die auf Seiten Dritter verweisen. Soweit dies nicht offensichtlich erkennbar ist, weise ich Sie darauf hin, dass es sich um einen externen Link handelt. Die verantwortliche Stelle hat keinerlei Einfluss auf den Inhalt und die Gestaltung dieser Seiten anderer Anbieter. Die Garantien dieser Datenschutzerkl\u00e4rung gelten daher f\u00fcr externe Anbieter nicht.<\/p>\n\n\n\n<p><strong>Weitere Informationen und Kontakte<\/strong><\/p>\n\n\n\n<p>Wenden Sie sich an Gerhard K\u00e4fer. Sie k\u00f6nnen erfragen, welche Ihrer Daten bei mir gespeichert sind. Dar\u00fcber hinaus k\u00f6nnen Sie Ausk\u00fcnfte, L\u00f6schungs- und Berichtigungsw\u00fcnsche zu Ihren Daten und gerne auch Anregungen jederzeit per Brief oder E-Mail an folgende Adresse senden:<\/p>\n\n\n\n<p>Gerhard K\u00e4fer<\/p>\n\n\n\n<p>Schwarzwaldstr.55<\/p>\n\n\n\n<p>D-79539 L\u00f6rrach<\/p>\n\n\n\n<p>Tel. 00497621 &#8211; 57 04 98<\/p>\n\n\n\n<p><br><a href=\"mailto:info@kaefers-naturfoto.de\">info@kaefers-naturfoto.de<\/a><br><br>&nbsp;<\/p>\n","protected":false},"excerpt":{"rendered":"<p>Datenschutzerkl\u00e4rung allgemein Ich, Gerhard K\u00e4fer von Naturfotografie K\u00e4fer, nehme die Verpflichtung zum Datenschutz sehr ernst und gestalte meine Leistungen so, dass nur notwendige personenbezogene Daten &hellip; <\/p>\n","protected":false},"author":1,"featured_media":0,"parent":0,"menu_order":0,"comment_status":"closed","ping_status":"closed","template":"","meta":{"footnotes":""},"class_list":["post-625","page","type-page","status-publish","hentry"],"_links":{"self":[{"href":"https:\/\/kaefers-naturfoto.de\/index.php?rest_route=\/wp\/v2\/pages\/625","targetHints":{"allow":["GET"]}}],"collection":[{"href":"https:\/\/kaefers-naturfoto.de\/index.php?rest_route=\/wp\/v2\/pages"}],"about":[{"href":"https:\/\/kaefers-naturfoto.de\/index.php?rest_route=\/wp\/v2\/types\/page"}],"author":[{"embeddable":true,"href":"https:\/\/kaefers-naturfoto.de\/index.php?rest_route=\/wp\/v2\/users\/1"}],"replies":[{"embeddable":true,"href":"https:\/\/kaefers-naturfoto.de\/index.php?rest_route=%2Fwp%2Fv2%2Fcomments&post=625"}],"version-history":[{"count":3,"href":"https:\/\/kaefers-naturfoto.de\/index.php?rest_route=\/wp\/v2\/pages\/625\/revisions"}],"predecessor-version":[{"id":631,"href":"https:\/\/kaefers-naturfoto.de\/index.php?rest_route=\/wp\/v2\/pages\/625\/revisions\/631"}],"wp:attachment":[{"href":"https:\/\/kaefers-naturfoto.de\/index.php?rest_route=%2Fwp%2Fv2%2Fmedia&parent=625"}],"curies":[{"name":"wp","href":"https:\/\/api.w.org\/{rel}","templated":true}]}}