{"id":942,"date":"2020-11-23T12:44:37","date_gmt":"2020-11-23T12:44:37","guid":{"rendered":"http:\/\/kaefers-naturfoto.de\/?page_id=942"},"modified":"2020-11-23T13:03:02","modified_gmt":"2020-11-23T13:03:02","slug":"impressum","status":"publish","type":"page","link":"https:\/\/kaefers-naturfoto.de\/?page_id=942","title":{"rendered":"Impressum"},"content":{"rendered":"\n<h1 class=\"wp-block-heading\">Kontakt<\/h1>\n\n\n\n<p>Vielen Dank f\u00fcr Ihren Besuch auf meiner Seiten.<br><br>Wenn Sie Fragen zu meinen Bildern oder Auftragsarbeiten haben, so k\u00f6nnen Sie per E-Mail, Telefon oder auf dem Postweg Kontakt zu mir aufnehmen.<\/p>\n\n\n\n<p>E-Mail:&nbsp;<a href=\"mailto:info@kaefers-naturfoto.de\">info@kaefers-naturfoto.de<\/a><\/p>\n\n\n\n<p>Anschrift:<\/p>\n\n\n\n<p>Gerhard K\u00e4fer<\/p>\n\n\n\n<p>Schwarzwaldstr. 55<\/p>\n\n\n\n<p>D-79539 L\u00f6rrach<\/p>\n\n\n\n<p>Tel. 00497621 &#8211; 57 04 98<\/p>\n\n\n\n<h1 class=\"wp-block-heading\">Impressum:<\/h1>\n\n\n\n<p><strong>Verantwortlich f\u00fcr den Inhalt, den Aufbau und die Gestaltung dieser Website:<\/strong><\/p>\n\n\n\n<p><strong>Gerhard K\u00e4fer<\/strong><\/p>\n\n\n\n<p><strong>Schwarzwaldstr. 55<\/strong><\/p>\n\n\n\n<p><strong>D-79539 L\u00f6rrach<\/strong><\/p>\n\n\n\n<p><br><br><strong><a href=\"mailto:info@kaefers-naturfoto.de\">info@kaefers-naturfoto.de<\/a><\/strong><\/p>\n\n\n\n<h3 class=\"wp-block-heading\">COPYRIGHT<\/h3>\n\n\n\n<p><strong>Das Layout der Homepage, die verwendeten Grafiken und Bilder, die Sammlung sowie alle Beitr\u00e4ge sind urheberrechtlich gesch\u00fctzt. Alle Rechte, auch die der fotomechanischen Wiedergabe, der Vervielf\u00e4ltigung und der Verbreitung mittels besonderer Verfahren (zum Beispiel Datenverarbeitung, Datentr\u00e4ger und Datens\u00e4tze), auch teilweise, behalten wir uns vor.<\/strong><\/p>\n\n\n\n<p><strong>Alle Texte und Bilder unterliegen dem Urheberrecht. Eine Ver\u00f6ffentlichung ist nur mit schriftlicher Erlaubnis von Gerhard K\u00e4fer oder mit schriftlicher Erlaubnis von durch Gerhard K\u00e4fer autorisierten Personen zul\u00e4ssig. Verst\u00f6sse gegen das Urheberrecht werden grunds\u00e4tzlich gerichtlich verfolgt.<\/strong><\/p>\n\n\n\n<h3 class=\"wp-block-heading\">LINKS<\/h3>\n\n\n\n<p><strong>Mit Urteil vom 12. Mai 1998 &#8211; 312 O 85\/98 &#8211; &#8222;Haftung f\u00fcr Links&#8220;, hat das Landgericht (LG) Hamburg entschieden, da\u00df man durch die Anbringung eines Links, die Inhalte der gelinkten Seite gegebenenfalls mit zu verantworten hat. Dies kann &#8211; so das LG &#8211; nur dadurch verhindert werden, da\u00df man sich ausdr\u00fccklich von den verlinkten Inhalten distanziert. Hiermit distanziert sich Gerhard K\u00e4fer ausdr\u00fccklich von allen Inhalten aller gelinkten Seiten auf den Webseiten dieses Servers. Diese Erkl\u00e4rung gilt f\u00fcr alle auf dieser Homepage und deren Unterseiten angebrachten Links. Die Homepage www.kaefers-naturfoto.de hat keinerlei Einflu\u00df auf die Gestaltung und die Inhalte externer Webseiten, auf die wir evtl. in unseren Seiten mittels Links verweisen. F\u00fcr die Inhalte externer Webseiten sind ausschlie\u00dflich deren Anbieter verantwortlich.<\/strong><\/p>\n","protected":false},"excerpt":{"rendered":"<p>Kontakt Vielen Dank f\u00fcr Ihren Besuch auf meiner Seiten. Wenn Sie Fragen zu meinen Bildern oder Auftragsarbeiten haben, so k\u00f6nnen Sie per E-Mail, Telefon oder &hellip; <\/p>\n","protected":false},"author":1,"featured_media":0,"parent":0,"menu_order":0,"comment_status":"closed","ping_status":"closed","template":"","meta":{"footnotes":""},"class_list":["post-942","page","type-page","status-publish","hentry"],"_links":{"self":[{"href":"https:\/\/kaefers-naturfoto.de\/index.php?rest_route=\/wp\/v2\/pages\/942","targetHints":{"allow":["GET"]}}],"collection":[{"href":"https:\/\/kaefers-naturfoto.de\/index.php?rest_route=\/wp\/v2\/pages"}],"about":[{"href":"https:\/\/kaefers-naturfoto.de\/index.php?rest_route=\/wp\/v2\/types\/page"}],"author":[{"embeddable":true,"href":"https:\/\/kaefers-naturfoto.de\/index.php?rest_route=\/wp\/v2\/users\/1"}],"replies":[{"embeddable":true,"href":"https:\/\/kaefers-naturfoto.de\/index.php?rest_route=%2Fwp%2Fv2%2Fcomments&post=942"}],"version-history":[{"count":3,"href":"https:\/\/kaefers-naturfoto.de\/index.php?rest_route=\/wp\/v2\/pages\/942\/revisions"}],"predecessor-version":[{"id":957,"href":"https:\/\/kaefers-naturfoto.de\/index.php?rest_route=\/wp\/v2\/pages\/942\/revisions\/957"}],"wp:attachment":[{"href":"https:\/\/kaefers-naturfoto.de\/index.php?rest_route=%2Fwp%2Fv2%2Fmedia&parent=942"}],"curies":[{"name":"wp","href":"https:\/\/api.w.org\/{rel}","templated":true}]}}