{"id":943,"date":"2020-11-23T12:44:37","date_gmt":"2020-11-23T12:44:37","guid":{"rendered":"http:\/\/kaefers-naturfoto.de\/?page_id=943"},"modified":"2020-11-23T12:59:42","modified_gmt":"2020-11-23T12:59:42","slug":"ueber-mich","status":"publish","type":"page","link":"https:\/\/kaefers-naturfoto.de\/?page_id=943","title":{"rendered":"\u00dcber mich"},"content":{"rendered":"\n<figure class=\"wp-block-table\"><table><tbody><tr><td><strong>Gerhard K\u00e4fer \u00a0\u00a0 GDT<\/strong>\u00a0<br>\u00a0Adresse:<br>Schwarzwaldstra\u00dfe 55<br> 79539 L\u00f6rrach<br>Tel. 07621 &#8211; 57 04 98\u00a0<br>Naturfotografie seit 1980<br>Vollmitglied der Gesellschaft Deutscher Naturfotografen seit 1997\u00a0\u00a0<br>VTN\u00d6 ordentliches Mitglied seit 2014<br><br><strong>Arbeitsgebiete:Naturfotografie<\/strong>\u00a0mit Landschaften, Tieren und Pflanzen in den im Dreil\u00e4ndereck\u00a0 Schweiz,\u00a0 Frankreich und Deutschland,Gebieten: Vogesen, Schwarzwald, Kaiserstuhl und Auen am s\u00fcdlichen Oberrhein, Klingenauer- und Flachsee, Berner AlpenBereiste L\u00e4nder: Norwegen, Schweden, Holland, \u00d6sterreich\u00a0<br><br><strong>Ausr\u00fcstung:<br>Kamera und Objektive:<br><\/strong>Nikon Digital-System, mit dem, was man so braucht, im Brennweitenbereich von 14mm bis 1000mm und im Nah- und Makrobereich zwischen 1:10 bis 1:1.<\/td><td><img loading=\"lazy\" decoding=\"async\" src=\"images\/ich-korrektur-web.jpg\" width=\"217\" height=\"218\"><\/td><\/tr><\/tbody><\/table><\/figure>\n\n\n\n<p><\/p>\n","protected":false},"excerpt":{"rendered":"<p>Gerhard K\u00e4fer \u00a0\u00a0 GDT\u00a0\u00a0Adresse:Schwarzwaldstra\u00dfe 55 79539 L\u00f6rrachTel. 07621 &#8211; 57 04 98\u00a0Naturfotografie seit 1980Vollmitglied der Gesellschaft Deutscher Naturfotografen seit 1997\u00a0\u00a0VTN\u00d6 ordentliches Mitglied seit 2014 Arbeitsgebiete:Naturfotografie\u00a0mit &hellip; <\/p>\n","protected":false},"author":1,"featured_media":0,"parent":0,"menu_order":0,"comment_status":"closed","ping_status":"closed","template":"","meta":{"footnotes":""},"class_list":["post-943","page","type-page","status-publish","hentry"],"_links":{"self":[{"href":"https:\/\/kaefers-naturfoto.de\/index.php?rest_route=\/wp\/v2\/pages\/943","targetHints":{"allow":["GET"]}}],"collection":[{"href":"https:\/\/kaefers-naturfoto.de\/index.php?rest_route=\/wp\/v2\/pages"}],"about":[{"href":"https:\/\/kaefers-naturfoto.de\/index.php?rest_route=\/wp\/v2\/types\/page"}],"author":[{"embeddable":true,"href":"https:\/\/kaefers-naturfoto.de\/index.php?rest_route=\/wp\/v2\/users\/1"}],"replies":[{"embeddable":true,"href":"https:\/\/kaefers-naturfoto.de\/index.php?rest_route=%2Fwp%2Fv2%2Fcomments&post=943"}],"version-history":[{"count":3,"href":"https:\/\/kaefers-naturfoto.de\/index.php?rest_route=\/wp\/v2\/pages\/943\/revisions"}],"predecessor-version":[{"id":956,"href":"https:\/\/kaefers-naturfoto.de\/index.php?rest_route=\/wp\/v2\/pages\/943\/revisions\/956"}],"wp:attachment":[{"href":"https:\/\/kaefers-naturfoto.de\/index.php?rest_route=%2Fwp%2Fv2%2Fmedia&parent=943"}],"curies":[{"name":"wp","href":"https:\/\/api.w.org\/{rel}","templated":true}]}}